{"id":629,"date":"2025-01-12T05:37:12","date_gmt":"2025-01-12T05:37:12","guid":{"rendered":"https:\/\/pedroazulaojr.com.br\/home\/?page_id=629"},"modified":"2025-01-12T06:33:35","modified_gmt":"2025-01-12T06:33:35","slug":"noticias","status":"publish","type":"page","link":"https:\/\/pedroazulaojr.com.br\/home\/noticias\/","title":{"rendered":"Not\u00edcias"},"content":{"rendered":"\t\t<div data-elementor-type=\"wp-page\" data-elementor-id=\"629\" class=\"elementor elementor-629\" data-elementor-post-type=\"page\">\n\t\t\t\t<div class=\"elementor-element elementor-element-a986547 e-flex e-con-boxed wpr-particle-no wpr-jarallax-no wpr-parallax-no wpr-sticky-section-no e-con e-parent\" data-id=\"a986547\" data-element_type=\"container\" data-settings=\"{&quot;background_background&quot;:&quot;classic&quot;,&quot;shape_divider_bottom&quot;:&quot;triangle&quot;}\">\n\t\t\t\t\t<div class=\"e-con-inner\">\n\t\t\t\t<div class=\"elementor-shape elementor-shape-bottom\" aria-hidden=\"true\" data-negative=\"false\">\n\t\t\t<svg xmlns=\"http:\/\/www.w3.org\/2000\/svg\" viewBox=\"0 0 1000 100\" preserveAspectRatio=\"none\">\n\t<path class=\"elementor-shape-fill\" d=\"M500,98.9L0,6.1V0h1000v6.1L500,98.9z\"\/>\n<\/svg>\t\t<\/div>\n\t\t\t\t<div class=\"elementor-element elementor-element-a206c60 elementor-align-center elementor-icon-list--layout-traditional elementor-list-item-link-full_width elementor-widget elementor-widget-icon-list\" data-id=\"a206c60\" data-element_type=\"widget\" data-widget_type=\"icon-list.default\">\n\t\t\t\t<div class=\"elementor-widget-container\">\n\t\t\t\t\t\t\t<ul class=\"elementor-icon-list-items\">\n\t\t\t\t\t\t\t<li class=\"elementor-icon-list-item\">\n\t\t\t\t\t\t\t\t\t\t\t<span class=\"elementor-icon-list-icon\">\n\t\t\t\t\t\t\t<svg aria-hidden=\"true\" class=\"e-font-icon-svg e-fas-bullhorn\" viewBox=\"0 0 576 512\" xmlns=\"http:\/\/www.w3.org\/2000\/svg\"><path d=\"M576 240c0-23.63-12.95-44.04-32-55.12V32.01C544 23.26 537.02 0 512 0c-7.12 0-14.19 2.38-19.98 7.02l-85.03 68.03C364.28 109.19 310.66 128 256 128H64c-35.35 0-64 28.65-64 64v96c0 35.35 28.65 64 64 64h33.7c-1.39 10.48-2.18 21.14-2.18 32 0 39.77 9.26 77.35 25.56 110.94 5.19 10.69 16.52 17.06 28.4 17.06h74.28c26.05 0 41.69-29.84 25.9-50.56-16.4-21.52-26.15-48.36-26.15-77.44 0-11.11 1.62-21.79 4.41-32H256c54.66 0 108.28 18.81 150.98 52.95l85.03 68.03a32.023 32.023 0 0 0 19.98 7.02c24.92 0 32-22.78 32-32V295.13C563.05 284.04 576 263.63 576 240zm-96 141.42l-33.05-26.44C392.95 311.78 325.12 288 256 288v-96c69.12 0 136.95-23.78 190.95-66.98L480 98.58v282.84z\"><\/path><\/svg>\t\t\t\t\t\t<\/span>\n\t\t\t\t\t\t\t\t\t\t<span class=\"elementor-icon-list-text\">NOT\u00cdCIAS E ATUALIZA\u00c7\u00d5ES<\/span>\n\t\t\t\t\t\t\t\t\t<\/li>\n\t\t\t\t\t\t<\/ul>\n\t\t\t\t\t\t<\/div>\n\t\t\t\t<\/div>\n\t\t\t\t\t<\/div>\n\t\t\t\t<\/div>\n\t\t<div class=\"elementor-element elementor-element-45fa762 e-flex e-con-boxed wpr-particle-no wpr-jarallax-no wpr-parallax-no wpr-sticky-section-no e-con e-parent\" data-id=\"45fa762\" data-element_type=\"container\">\n\t\t\t\t\t<div class=\"e-con-inner\">\n\t\t\t\t<div class=\"elementor-element elementor-element-6fe4678 wpr-grid-columns-3 wpr-grid-columns--tablet2 wpr-grid-columns--mobile1 wpr-grid-pagination-center wpr-item-styles-inner elementor-widget elementor-widget-wpr-grid\" data-id=\"6fe4678\" data-element_type=\"widget\" data-widget_type=\"wpr-grid.default\">\n\t\t\t\t<div class=\"elementor-widget-container\">\n\t\t\t\t\t<ul class=\"wpr-grid-filters elementor-clearfix wpr-grid-filters-sep-right\"><li class=\" wpr-pointer-none wpr-pointer-line-fx wpr-pointer-fx-none\"><span  data-filter=\"*\" class=\"wpr-grid-filters-item wpr-active-filter \">All Posts<\/span><em class=\"wpr-grid-filters-sep\"><\/em><\/li><li class=\" wpr-pointer-none wpr-pointer-line-fx wpr-pointer-fx-none\"><span   data-ajax-filter=[\"category\",\"blog\"]  data-filter=\".category-blog\">Blog<\/span><em class=\"wpr-grid-filters-sep\"><\/em><\/li><li class=\" wpr-pointer-none wpr-pointer-line-fx wpr-pointer-fx-none\"><span   data-ajax-filter=[\"category\",\"camara-municipal\"]  data-filter=\".category-camara-municipal\">C\u00e2mara Municipal<\/span><em class=\"wpr-grid-filters-sep\"><\/em><\/li><li class=\" wpr-pointer-none wpr-pointer-line-fx wpr-pointer-fx-none\"><span   data-ajax-filter=[\"category\",\"central-das-ambulancias\"]  data-filter=\".category-central-das-ambulancias\">Central das Ambul\u00e2ncias<\/span><em class=\"wpr-grid-filters-sep\"><\/em><\/li><li class=\" wpr-pointer-none wpr-pointer-line-fx wpr-pointer-fx-none\"><span   data-ajax-filter=[\"category\",\"noticias\"]  data-filter=\".category-noticias\">Not\u00edcias<\/span><em class=\"wpr-grid-filters-sep\"><\/em><\/li><\/ul><section class=\"wpr-grid elementor-clearfix\" data-settings=\"{&quot;layout&quot;:&quot;fitRows&quot;,&quot;stick_last_element_to_bottom&quot;:&quot;&quot;,&quot;columns_desktop&quot;:3,&quot;gutter_hr&quot;:15,&quot;gutter_hr_mobile&quot;:15,&quot;gutter_hr_mobile_extra&quot;:15,&quot;gutter_hr_tablet&quot;:15,&quot;gutter_hr_tablet_extra&quot;:15,&quot;gutter_hr_laptop&quot;:15,&quot;gutter_hr_widescreen&quot;:15,&quot;gutter_vr&quot;:15,&quot;gutter_vr_mobile&quot;:15,&quot;gutter_vr_mobile_extra&quot;:15,&quot;gutter_vr_tablet&quot;:15,&quot;gutter_vr_tablet_extra&quot;:15,&quot;gutter_vr_laptop&quot;:15,&quot;gutter_vr_widescreen&quot;:15,&quot;animation&quot;:&quot;zoom&quot;,&quot;animation_duration&quot;:0.3,&quot;animation_delay&quot;:0.1,&quot;deeplinking&quot;:&quot;&quot;,&quot;filters_linkable&quot;:&quot;no&quot;,&quot;filters_default_filter&quot;:&quot;&quot;,&quot;filters_count&quot;:&quot;&quot;,&quot;filters_hide_empty&quot;:&quot;no&quot;,&quot;filters_animation&quot;:&quot;default&quot;,&quot;filters_animation_duration&quot;:0.3,&quot;filters_animation_delay&quot;:0.1,&quot;pagination_type&quot;:&quot;load-more&quot;,&quot;pagination_max_pages&quot;:1,&quot;lightbox&quot;:{&quot;selector&quot;:&quot;.wpr-grid-image-wrap&quot;,&quot;iframeMaxWidth&quot;:&quot;60%&quot;,&quot;hash&quot;:false,&quot;autoplay&quot;:&quot;true&quot;,&quot;pause&quot;:5000,&quot;progressBar&quot;:&quot;true&quot;,&quot;counter&quot;:&quot;true&quot;,&quot;controls&quot;:&quot;true&quot;,&quot;getCaptionFromTitleOrAlt&quot;:&quot;true&quot;,&quot;thumbnail&quot;:&quot;&quot;,&quot;showThumbByDefault&quot;:&quot;&quot;,&quot;share&quot;:&quot;&quot;,&quot;zoom&quot;:&quot;true&quot;,&quot;fullScreen&quot;:&quot;true&quot;,&quot;download&quot;:&quot;true&quot;}}\" data-advanced-filters=\"no\"><article class=\"wpr-grid-item elementor-clearfix post-642 post type-post status-publish format-standard has-post-thumbnail hentry category-noticias\"><div class=\"wpr-grid-item-inner\"><div class=\"wpr-grid-media-wrap wpr-effect-size-medium \" data-overlay-link=\"yes\"><div class=\"wpr-grid-image-wrap\" data-src=\"https:\/\/pedroazulaojr.com.br\/home\/wp-content\/uploads\/2025\/01\/Imagem-do-WhatsApp-de-2025-01-11-as-19.07.07_8390fc4b.jpg\" data-img-on-hover=\"\"  data-src-secondary=\"\"><img decoding=\"async\" data-no-lazy=\"1\" src=\"https:\/\/pedroazulaojr.com.br\/home\/wp-content\/uploads\/2025\/01\/Imagem-do-WhatsApp-de-2025-01-11-as-19.07.07_8390fc4b.jpg\" alt=\"Vereador Pedro Azul\u00e3o J\u00fanior Participa da Entrega de R$ 19 Milh\u00f5es para a Rede Municipal de Educa\u00e7\u00e3o de Goi\u00e2nia\" class=\"wpr-anim-timing-ease-default\"><\/div><div class=\"wpr-grid-media-hover wpr-animation-wrap\"><div class=\"wpr-grid-media-hover-bg  wpr-overlay-fade-in wpr-anim-size-large wpr-anim-timing-ease-default wpr-anim-transparency\" data-url=\"https:\/\/pedroazulaojr.com.br\/home\/entrega-de-r-19-milhoes-para-a-rede-municipal-de-educacao-de-goiania\/\"><\/div><\/div><\/div><div class=\"wpr-grid-item-below-content elementor-clearfix\"><h2 class=\"wpr-grid-item-title elementor-repeater-item-cef08b1 wpr-grid-item-display-block wpr-grid-item-align-left wpr-pointer-none wpr-pointer-line-fx wpr-pointer-fx-fade\"><div class=\"inner-block\"><a target=\"_self\"  href=\"https:\/\/pedroazulaojr.com.br\/home\/entrega-de-r-19-milhoes-para-a-rede-municipal-de-educacao-de-goiania\/\">Entrega de R$ 19 Milh\u00f5es para a Rede Municipal de Educa\u00e7\u00e3o de Goi\u00e2nia<\/a><\/div><\/h2><div class=\"wpr-grid-item-date elementor-repeater-item-703439a wpr-grid-item-display-inline wpr-grid-item-align-left\"><div class=\"inner-block\"><span>janeiro 12, 2025<span class=\"wpr-grid-extra-text-right\">\/<\/span><\/span><\/div><\/div><div class=\"wpr-grid-item-excerpt elementor-repeater-item-25193f8 wpr-grid-item-display-block wpr-grid-item-align-left\"><div class=\"inner-block\"><p>No dia 10 de janeiro, o Vereador Pedro Azul\u00e3o J\u00fanior participou de um evento de grande import\u00e2ncia para a educa\u00e7\u00e3o...<\/p><\/div><\/div><div class=\"wpr-grid-item-read-more elementor-repeater-item-225d492 wpr-grid-item-display-block wpr-grid-item-align-left\"><div class=\"inner-block\"><a target=\"_self\" href=\"https:\/\/pedroazulaojr.com.br\/home\/entrega-de-r-19-milhoes-para-a-rede-municipal-de-educacao-de-goiania\/\" class=\"wpr-button-effect wpr-button-none\"><span>Leia a mat\u00e9ria completa<\/span><span class=\"wpr-grid-extra-icon-right\"><svg aria-hidden=\"true\" class=\"e-font-icon-svg e-fas-sign-in-alt\" viewBox=\"0 0 512 512\" xmlns=\"http:\/\/www.w3.org\/2000\/svg\"><path d=\"M416 448h-84c-6.6 0-12-5.4-12-12v-40c0-6.6 5.4-12 12-12h84c17.7 0 32-14.3 32-32V160c0-17.7-14.3-32-32-32h-84c-6.6 0-12-5.4-12-12V76c0-6.6 5.4-12 12-12h84c53 0 96 43 96 96v192c0 53-43 96-96 96zm-47-201L201 79c-15-15-41-4.5-41 17v96H24c-13.3 0-24 10.7-24 24v96c0 13.3 10.7 24 24 24h136v96c0 21.5 26 32 41 17l168-168c9.3-9.4 9.3-24.6 0-34z\"><\/path><\/svg><\/span><\/a><\/div><\/div><\/div><\/div><\/article><article class=\"wpr-grid-item elementor-clearfix post-639 post type-post status-publish format-standard has-post-thumbnail hentry category-noticias\"><div class=\"wpr-grid-item-inner\"><div class=\"wpr-grid-media-wrap wpr-effect-size-medium \" data-overlay-link=\"yes\"><div class=\"wpr-grid-image-wrap\" data-src=\"https:\/\/pedroazulaojr.com.br\/home\/wp-content\/uploads\/2025\/01\/blog_03.jpg\" data-img-on-hover=\"\"  data-src-secondary=\"\"><img decoding=\"async\" data-no-lazy=\"1\" src=\"https:\/\/pedroazulaojr.com.br\/home\/wp-content\/uploads\/2025\/01\/blog_03.jpg\" alt=\"Diploma\u00e7\u00e3o e In\u00edcio de um Novo Mandato na C\u00e2mara Municipal de Goi\u00e2nia\" class=\"wpr-anim-timing-ease-default\"><\/div><div class=\"wpr-grid-media-hover wpr-animation-wrap\"><div class=\"wpr-grid-media-hover-bg  wpr-overlay-fade-in wpr-anim-size-large wpr-anim-timing-ease-default wpr-anim-transparency\" data-url=\"https:\/\/pedroazulaojr.com.br\/home\/diplomacao-e-inicio-de-um-novo-mandato-na-camara-municipal-de-goiania\/\"><\/div><\/div><\/div><div class=\"wpr-grid-item-below-content elementor-clearfix\"><h2 class=\"wpr-grid-item-title elementor-repeater-item-cef08b1 wpr-grid-item-display-block wpr-grid-item-align-left wpr-pointer-none wpr-pointer-line-fx wpr-pointer-fx-fade\"><div class=\"inner-block\"><a target=\"_self\"  href=\"https:\/\/pedroazulaojr.com.br\/home\/diplomacao-e-inicio-de-um-novo-mandato-na-camara-municipal-de-goiania\/\">Diploma\u00e7\u00e3o e In\u00edcio de um Novo Mandato na C\u00e2mara Municipal de Goi\u00e2nia<\/a><\/div><\/h2><div class=\"wpr-grid-item-date elementor-repeater-item-703439a wpr-grid-item-display-inline wpr-grid-item-align-left\"><div class=\"inner-block\"><span>janeiro 12, 2025<span class=\"wpr-grid-extra-text-right\">\/<\/span><\/span><\/div><\/div><div class=\"wpr-grid-item-excerpt elementor-repeater-item-25193f8 wpr-grid-item-display-block wpr-grid-item-align-left\"><div class=\"inner-block\"><p>O 1\u00ba de janeiro de 2025 foi marcado por um evento de grande import\u00e2ncia para a pol\u00edtica de Goi\u00e2nia. O...<\/p><\/div><\/div><div class=\"wpr-grid-item-read-more elementor-repeater-item-225d492 wpr-grid-item-display-block wpr-grid-item-align-left\"><div class=\"inner-block\"><a target=\"_self\" href=\"https:\/\/pedroazulaojr.com.br\/home\/diplomacao-e-inicio-de-um-novo-mandato-na-camara-municipal-de-goiania\/\" class=\"wpr-button-effect wpr-button-none\"><span>Leia a mat\u00e9ria completa<\/span><span class=\"wpr-grid-extra-icon-right\"><svg aria-hidden=\"true\" class=\"e-font-icon-svg e-fas-sign-in-alt\" viewBox=\"0 0 512 512\" xmlns=\"http:\/\/www.w3.org\/2000\/svg\"><path d=\"M416 448h-84c-6.6 0-12-5.4-12-12v-40c0-6.6 5.4-12 12-12h84c17.7 0 32-14.3 32-32V160c0-17.7-14.3-32-32-32h-84c-6.6 0-12-5.4-12-12V76c0-6.6 5.4-12 12-12h84c53 0 96 43 96 96v192c0 53-43 96-96 96zm-47-201L201 79c-15-15-41-4.5-41 17v96H24c-13.3 0-24 10.7-24 24v96c0 13.3 10.7 24 24 24h136v96c0 21.5 26 32 41 17l168-168c9.3-9.4 9.3-24.6 0-34z\"><\/path><\/svg><\/span><\/a><\/div><\/div><\/div><\/div><\/article><article class=\"wpr-grid-item elementor-clearfix post-636 post type-post status-publish format-standard has-post-thumbnail hentry category-noticias\"><div class=\"wpr-grid-item-inner\"><div class=\"wpr-grid-media-wrap wpr-effect-size-medium \" data-overlay-link=\"yes\"><div class=\"wpr-grid-image-wrap\" data-src=\"https:\/\/pedroazulaojr.com.br\/home\/wp-content\/uploads\/2025\/01\/blog_02.jpg\" data-img-on-hover=\"\"  data-src-secondary=\"\"><img decoding=\"async\" data-no-lazy=\"1\" src=\"https:\/\/pedroazulaojr.com.br\/home\/wp-content\/uploads\/2025\/01\/blog_02.jpg\" alt=\"Reelei\u00e7\u00e3o para a C\u00e2mara Municipal de Goi\u00e2nia: 8.759 Votos e a 6\u00aa Vit\u00f3ria Expressiva\" class=\"wpr-anim-timing-ease-default\"><\/div><div class=\"wpr-grid-media-hover wpr-animation-wrap\"><div class=\"wpr-grid-media-hover-bg  wpr-overlay-fade-in wpr-anim-size-large wpr-anim-timing-ease-default wpr-anim-transparency\" data-url=\"https:\/\/pedroazulaojr.com.br\/home\/reeleicao-para-a-camara-municipal-de-goiania-8-759-votos-e-a-6a-vitoria-expressiva\/\"><\/div><\/div><\/div><div class=\"wpr-grid-item-below-content elementor-clearfix\"><h2 class=\"wpr-grid-item-title elementor-repeater-item-cef08b1 wpr-grid-item-display-block wpr-grid-item-align-left wpr-pointer-none wpr-pointer-line-fx wpr-pointer-fx-fade\"><div class=\"inner-block\"><a target=\"_self\"  href=\"https:\/\/pedroazulaojr.com.br\/home\/reeleicao-para-a-camara-municipal-de-goiania-8-759-votos-e-a-6a-vitoria-expressiva\/\">Reelei\u00e7\u00e3o para a C\u00e2mara Municipal de Goi\u00e2nia: 8.759 Votos e a 6\u00aa Vit\u00f3ria Expressiva<\/a><\/div><\/h2><div class=\"wpr-grid-item-date elementor-repeater-item-703439a wpr-grid-item-display-inline wpr-grid-item-align-left\"><div class=\"inner-block\"><span>janeiro 12, 2025<span class=\"wpr-grid-extra-text-right\">\/<\/span><\/span><\/div><\/div><div class=\"wpr-grid-item-excerpt elementor-repeater-item-25193f8 wpr-grid-item-display-block wpr-grid-item-align-left\"><div class=\"inner-block\"><p>Em uma elei\u00e7\u00e3o hist\u00f3rica e marcante, o vereador Pedro Azul\u00e3o J\u00fanior garantiu sua reelei\u00e7\u00e3o para a C\u00e2mara Municipal de Goi\u00e2nia,...<\/p><\/div><\/div><div class=\"wpr-grid-item-read-more elementor-repeater-item-225d492 wpr-grid-item-display-block wpr-grid-item-align-left\"><div class=\"inner-block\"><a target=\"_self\" href=\"https:\/\/pedroazulaojr.com.br\/home\/reeleicao-para-a-camara-municipal-de-goiania-8-759-votos-e-a-6a-vitoria-expressiva\/\" class=\"wpr-button-effect wpr-button-none\"><span>Leia a mat\u00e9ria completa<\/span><span class=\"wpr-grid-extra-icon-right\"><svg aria-hidden=\"true\" class=\"e-font-icon-svg e-fas-sign-in-alt\" viewBox=\"0 0 512 512\" xmlns=\"http:\/\/www.w3.org\/2000\/svg\"><path d=\"M416 448h-84c-6.6 0-12-5.4-12-12v-40c0-6.6 5.4-12 12-12h84c17.7 0 32-14.3 32-32V160c0-17.7-14.3-32-32-32h-84c-6.6 0-12-5.4-12-12V76c0-6.6 5.4-12 12-12h84c53 0 96 43 96 96v192c0 53-43 96-96 96zm-47-201L201 79c-15-15-41-4.5-41 17v96H24c-13.3 0-24 10.7-24 24v96c0 13.3 10.7 24 24 24h136v96c0 21.5 26 32 41 17l168-168c9.3-9.4 9.3-24.6 0-34z\"><\/path><\/svg><\/span><\/a><\/div><\/div><\/div><\/div><\/article><\/section>\t\t\t\t<\/div>\n\t\t\t\t<\/div>\n\t\t\t\t\t<\/div>\n\t\t\t\t<\/div>\n\t\t\t\t<\/div>\n\t\t","protected":false},"excerpt":{"rendered":"<p>NOT\u00cdCIAS E ATUALIZA\u00c7\u00d5ES All Posts Not\u00edcias Entrega de R$ 19 Milh\u00f5es para a Rede Municipal de Educa\u00e7\u00e3o de Goi\u00e2nia janeiro 12, 2025\/ No dia 10 de janeiro, o Vereador Pedro Azul\u00e3o J\u00fanior participou de um evento de grande import\u00e2ncia para a educa\u00e7\u00e3o&hellip; Leia a mat\u00e9ria completa Diploma\u00e7\u00e3o e In\u00edcio de um Novo Mandato na C\u00e2mara Municipal de Goi\u00e2nia janeiro 12, 2025\/ O 1\u00ba de janeiro de 2025 foi marcado por um evento de grande import\u00e2ncia para a pol\u00edtica de Goi\u00e2nia. O&hellip; Leia a mat\u00e9ria completa Reelei\u00e7\u00e3o para a C\u00e2mara Municipal de Goi\u00e2nia: 8.759 Votos e a 6\u00aa Vit\u00f3ria Expressiva janeiro 12, 2025\/ Em uma elei\u00e7\u00e3o hist\u00f3rica e marcante, o vereador Pedro Azul\u00e3o J\u00fanior garantiu sua reelei\u00e7\u00e3o para a C\u00e2mara Municipal de Goi\u00e2nia,&hellip; Leia a mat\u00e9ria completa<\/p>\n","protected":false},"author":1,"featured_media":0,"parent":0,"menu_order":0,"comment_status":"closed","ping_status":"closed","template":"","meta":{"_joinchat":[],"footnotes":""},"class_list":["post-629","page","type-page","status-publish","hentry"],"_links":{"self":[{"href":"https:\/\/pedroazulaojr.com.br\/home\/wp-json\/wp\/v2\/pages\/629","targetHints":{"allow":["GET"]}}],"collection":[{"href":"https:\/\/pedroazulaojr.com.br\/home\/wp-json\/wp\/v2\/pages"}],"about":[{"href":"https:\/\/pedroazulaojr.com.br\/home\/wp-json\/wp\/v2\/types\/page"}],"author":[{"embeddable":true,"href":"https:\/\/pedroazulaojr.com.br\/home\/wp-json\/wp\/v2\/users\/1"}],"replies":[{"embeddable":true,"href":"https:\/\/pedroazulaojr.com.br\/home\/wp-json\/wp\/v2\/comments?post=629"}],"version-history":[{"count":22,"href":"https:\/\/pedroazulaojr.com.br\/home\/wp-json\/wp\/v2\/pages\/629\/revisions"}],"predecessor-version":[{"id":670,"href":"https:\/\/pedroazulaojr.com.br\/home\/wp-json\/wp\/v2\/pages\/629\/revisions\/670"}],"wp:attachment":[{"href":"https:\/\/pedroazulaojr.com.br\/home\/wp-json\/wp\/v2\/media?parent=629"}],"curies":[{"name":"wp","href":"https:\/\/api.w.org\/{rel}","templated":true}]}}